{"id":95,"date":"2016-02-13T22:56:00","date_gmt":"2016-02-13T22:56:00","guid":{"rendered":"http:\/\/aeviseunorte.pt\/ini\/?page_id=95"},"modified":"2023-09-07T00:08:46","modified_gmt":"2023-09-06T23:08:46","slug":"criterios-de-avaliacao","status":"publish","type":"page","link":"https:\/\/aeviseunorte.pt\/ini\/criterios-de-avaliacao\/","title":{"rendered":"Crit\u00e9rios de Avalia\u00e7\u00e3o"},"content":{"rendered":"<ul>\n<li><a href=\"https:\/\/aeviseunorte.pt\/ini\/wp-content\/uploads\/2023\/09\/Criterios-de-Aval.-AEVN_2023-24.pdf\" target=\"_blank\" rel=\"noopener\"><span style=\"text-decoration: underline; font-size: 14pt;\"><strong>Crit\u00e9rios de Avalia\u00e7\u00e3o do AEVN<\/strong><\/span><\/a>\n<div class=\"entry-content\"><\/div>\n<\/li>\n<li><span style=\"font-size: 14pt;\"><a href=\"https:\/\/aeviseunorte-my.sharepoint.com\/:f:\/g\/personal\/manueljulio_aeviseunorte_pt\/EtWpbVoCYvNGrEbopdJLGAUBBo6Y4mu-VFW0PjJAe9FG6w?e=f5VwOe\" target=\"_blank\" rel=\"noopener noreferrer\"><span style=\"text-decoration: underline;\"><strong>Crit\u00e9rios de Avalia\u00e7\u00e3o Espec\u00edficos das Disciplinas<\/strong><\/span><\/a><\/span><\/li>\n<\/ul>\n","protected":false},"excerpt":{"rendered":"<p>Crit\u00e9rios de Avalia\u00e7\u00e3o do AEVN Crit\u00e9rios de Avalia\u00e7\u00e3o Espec\u00edficos das Disciplinas<\/p>\n","protected":false},"author":1,"featured_media":0,"parent":0,"menu_order":0,"comment_status":"closed","ping_status":"closed","template":"","meta":{"footnotes":""},"_links":{"self":[{"href":"https:\/\/aeviseunorte.pt\/ini\/wp-json\/wp\/v2\/pages\/95"}],"collection":[{"href":"https:\/\/aeviseunorte.pt\/ini\/wp-json\/wp\/v2\/pages"}],"about":[{"href":"https:\/\/aeviseunorte.pt\/ini\/wp-json\/wp\/v2\/types\/page"}],"author":[{"embeddable":true,"href":"https:\/\/aeviseunorte.pt\/ini\/wp-json\/wp\/v2\/users\/1"}],"replies":[{"embeddable":true,"href":"https:\/\/aeviseunorte.pt\/ini\/wp-json\/wp\/v2\/comments?post=95"}],"version-history":[{"count":10,"href":"https:\/\/aeviseunorte.pt\/ini\/wp-json\/wp\/v2\/pages\/95\/revisions"}],"predecessor-version":[{"id":3703,"href":"https:\/\/aeviseunorte.pt\/ini\/wp-json\/wp\/v2\/pages\/95\/revisions\/3703"}],"wp:attachment":[{"href":"https:\/\/aeviseunorte.pt\/ini\/wp-json\/wp\/v2\/media?parent=95"}],"curies":[{"name":"wp","href":"https:\/\/api.w.org\/{rel}","templated":true}]}}