{"id":854,"date":"2017-03-20T22:15:21","date_gmt":"2017-03-20T22:15:21","guid":{"rendered":"http:\/\/aeviseunorte.pt\/ini\/?page_id=854"},"modified":"2023-05-27T01:50:24","modified_gmt":"2023-05-27T00:50:24","slug":"exames","status":"publish","type":"page","link":"https:\/\/aeviseunorte.pt\/ini\/exames\/","title":{"rendered":"Provas\/Exames"},"content":{"rendered":"<div id=\":pi\" class=\"ii gt\">\n<div id=\":ph\" class=\"a3s aiL msg-3333385354477226924\">\n<div dir=\"ltr\">\n<div>\n<div>\n<div>\n<table style=\"border-collapse: collapse; width: 100%; height: 59px;\">\n<tbody>\n<tr style=\"height: 59px;\">\n<td style=\"width: 100%; height: 59px;\">\n<ul>\n<li><strong><a href=\"https:\/\/aeviseunorte.pt\/ini\/informacao-prova-de-equivalencia-a-frequencia-2023\/\" target=\"_blank\" rel=\"noopener\"><span style=\"text-decoration: underline;\">Informa\u00e7\u00e3o-Prova de Equival\u00eancia \u00e0 Frequ\u00eancia 2023<\/span><\/a><\/strong><\/li>\n<\/ul>\n<\/td>\n<\/tr>\n<\/tbody>\n<\/table>\n<table style=\"border-collapse: collapse; width: 100%;\">\n<tbody>\n<tr>\n<td style=\"width: 100%;\">\n<div id=\":pi\" class=\"ii gt\">\n<div id=\":ph\" class=\"a3s aiL msg-3333385354477226924\">\n<div dir=\"ltr\">\n<div>\n<div>\n<div>\n<ul>\n<li><span style=\"text-decoration: underline;\"><a href=\"https:\/\/aeviseunorte.pt\/ini\/wp-content\/uploads\/2023\/05\/Norma_2-2023.pdf\" target=\"_blank\" rel=\"noopener\"><strong>Norma 2-2023<\/strong><\/a><strong>;<\/strong><\/span><\/li>\n<li><span style=\"text-decoration: underline;\"><strong><a href=\"https:\/\/aeviseunorte.pt\/ini\/wp-content\/uploads\/2023\/05\/Instrucoes-de-Realizacao-Cotacoes-e-Criterios-Gerais-de-Classificacao.pdf\" target=\"_blank\" rel=\"noopener\">Instru\u00e7\u00f5es de Realiza\u00e7\u00e3o, cota\u00e7\u00e3o e Crit\u00e9rios Gerais de classifica\u00e7\u00e3o<\/a>;<\/strong><\/span><\/li>\n<li><span style=\"text-decoration: underline;\"><strong><a href=\"https:\/\/aeviseunorte.pt\/ini\/wp-content\/uploads\/2023\/05\/Manual-APP-de-realizacao.pdf\" target=\"_blank\" rel=\"noopener\">Manual de Aplica\u00e7\u00e3o da Realiza\u00e7\u00e3o de Provas e Produ\u00e7\u00e3o de Credenciais 2022-23<\/a>;<\/strong><\/span><\/li>\n<li><span style=\"text-decoration: underline;\"><strong><a href=\"https:\/\/aeviseunorte.pt\/ini\/wp-content\/uploads\/2023\/05\/IP-Provas-de-Afericao-2.o-ano.pdf\" target=\"_blank\" rel=\"noopener\">Informa\u00e7\u00e3o-Prova &#8211; Provas de Aferi\u00e7\u00e3o do 2\u00baano<\/a>;<\/strong><\/span><\/li>\n<li><span style=\"text-decoration: underline;\"><strong><a href=\"https:\/\/aeviseunorte.pt\/ini\/wp-content\/uploads\/2023\/05\/IP-Provas-de-Afericao-5.o-ano.pdf\" target=\"_blank\" rel=\"noopener\">Informa\u00e7\u00e3o-Prova &#8211; Provas de Aferi\u00e7\u00e3o do 5\u00baano<\/a>;<\/strong><\/span><\/li>\n<li><span style=\"text-decoration: underline;\"><strong><a href=\"https:\/\/aeviseunorte.pt\/ini\/wp-content\/uploads\/2023\/05\/IP-Provas-de-Afericao-8.o-ano.pdf\" target=\"_blank\" rel=\"noopener\">Informa\u00e7\u00e3o-Prova &#8211; Provas de Aferi\u00e7\u00e3o do 8\u00baano<\/a>.<\/strong><\/span><\/li>\n<\/ul>\n<\/div>\n<\/div>\n<\/div>\n<\/div>\n<\/div>\n<\/div>\n<p><span style=\"text-decoration: underline;\"><strong>Liga\u00e7\u00f5es para instalar a aplica\u00e7\u00e3o das provas de aferi\u00e7\u00e3o:<\/strong><\/span><\/p>\n<div id=\":pi\" class=\"ii gt\">\n<div id=\":ph\" class=\"a3s aiL msg-3333385354477226924\">\n<div dir=\"ltr\">\n<div>\n<div>\n<ul>\n<li><strong>Windows &#8211; <\/strong><a id=\"m_3835478739173423108LPlnk130214\" href=\"https:\/\/assets.iave.pt\/production\/apps\/intuitivo-app\/v0.0.1\/intuitivo-0.0.1.exe\" target=\"_blank\" rel=\"noopener noreferrer\" data-saferedirecturl=\"https:\/\/www.google.com\/url?q=https:\/\/assets.iave.pt\/production\/apps\/intuitivo-app\/v0.0.1\/intuitivo-0.0.1.exe&amp;source=gmail&amp;ust=1684968985092000&amp;usg=AOvVaw0SSNx00lvRxOuetZmEuw2X\">https:\/\/assets.iave.pt\/<wbr \/>production\/apps\/intuitivo-app\/<wbr \/>v0.0.1\/intuitivo-0.0.1.exe<\/a><\/li>\n<li><strong>Linux &#8211;\u00a0<\/strong><a id=\"m_3835478739173423108LPlnk833680\" href=\"https:\/\/assets.iave.pt\/production\/apps\/intuitivo-app\/v0.0.1\/intuitivo.zip\" target=\"_blank\" rel=\"noopener noreferrer\" data-saferedirecturl=\"https:\/\/www.google.com\/url?q=https:\/\/assets.iave.pt\/production\/apps\/intuitivo-app\/v0.0.1\/intuitivo.zip&amp;source=gmail&amp;ust=1684968985092000&amp;usg=AOvVaw2Ek3sgwv1mYldpgbgY-WYk\">https:\/\/assets.iave.pt\/<\/a><a id=\"m_3835478739173423108LPlnk833680\" href=\"https:\/\/assets.iave.pt\/production\/apps\/intuitivo-app\/v0.0.1\/intuitivo.zip\" target=\"_blank\" rel=\"noopener noreferrer\" data-saferedirecturl=\"https:\/\/www.google.com\/url?q=https:\/\/assets.iave.pt\/production\/apps\/intuitivo-app\/v0.0.1\/intuitivo.zip&amp;source=gmail&amp;ust=1684968985092000&amp;usg=AOvVaw2Ek3sgwv1mYldpgbgY-WYk\"><wbr \/>production\/apps\/intuitivo-app\/<wbr \/>v0.0.1\/intuitivo.zip<\/a><\/li>\n<li><strong>macOS &#8211;\u00a0<\/strong><a id=\"m_3835478739173423108LPlnk526481\" href=\"https:\/\/assets.iave.pt\/production\/apps\/intuitivo-app\/v0.0.1\/intuitivo.app.zip\" target=\"_blank\" rel=\"noopener noreferrer\" data-saferedirecturl=\"https:\/\/www.google.com\/url?q=https:\/\/assets.iave.pt\/production\/apps\/intuitivo-app\/v0.0.1\/intuitivo.app.zip&amp;source=gmail&amp;ust=1684968985092000&amp;usg=AOvVaw2eobiaMsjg7U90wcXHG6AZ\">https:\/\/assets.iave.pt\/<\/a><a id=\"m_3835478739173423108LPlnk526481\" href=\"https:\/\/assets.iave.pt\/production\/apps\/intuitivo-app\/v0.0.1\/intuitivo.app.zip\" target=\"_blank\" rel=\"noopener noreferrer\" data-saferedirecturl=\"https:\/\/www.google.com\/url?q=https:\/\/assets.iave.pt\/production\/apps\/intuitivo-app\/v0.0.1\/intuitivo.app.zip&amp;source=gmail&amp;ust=1684968985092000&amp;usg=AOvVaw2eobiaMsjg7U90wcXHG6AZ\"><wbr \/>production\/apps\/intuitivo-app\/<wbr \/>v0.0.1\/intuitivo.app.zip<\/a><\/li>\n<li><strong>Android &#8211; <\/strong><a id=\"m_3835478739173423108LPlnk960941\" href=\"https:\/\/assets.iave.pt\/production\/apps\/intuitivo-app\/v0.0.1\/intuitivo.apk\" target=\"_blank\" rel=\"noopener noreferrer\" data-saferedirecturl=\"https:\/\/www.google.com\/url?q=https:\/\/assets.iave.pt\/production\/apps\/intuitivo-app\/v0.0.1\/intuitivo.apk&amp;source=gmail&amp;ust=1684968985092000&amp;usg=AOvVaw2_86L4Xj5NzAvGg0L-x82L\">https:\/\/assets.iave.pt\/<\/a><a id=\"m_3835478739173423108LPlnk960941\" href=\"https:\/\/assets.iave.pt\/production\/apps\/intuitivo-app\/v0.0.1\/intuitivo.apk\" target=\"_blank\" rel=\"noopener noreferrer\" data-saferedirecturl=\"https:\/\/www.google.com\/url?q=https:\/\/assets.iave.pt\/production\/apps\/intuitivo-app\/v0.0.1\/intuitivo.apk&amp;source=gmail&amp;ust=1684968985092000&amp;usg=AOvVaw2_86L4Xj5NzAvGg0L-x82L\"><wbr \/>production\/apps\/intuitivo-app\/<wbr \/>v0.0.1\/intuitivo.apk<\/a><\/li>\n<\/ul>\n<\/div>\n<\/div>\n<\/div>\n<\/div>\n<\/div>\n<\/td>\n<\/tr>\n<\/tbody>\n<\/table>\n<\/div>\n<\/div>\n<\/div>\n<\/div>\n<\/div>\n<\/div>\n<div id=\":pi\" class=\"ii gt\">\n<div id=\":ph\" class=\"a3s aiL msg-3333385354477226924\">\n<div dir=\"ltr\">\n<div>\n<div>\n<table style=\"border-collapse: collapse; width: 100%;\">\n<tbody>\n<tr>\n<td style=\"width: 100%;\">\n<ul>\n<li><span lang=\"PT-PT\"><strong><a href=\"https:\/\/aeviseunorte-my.sharepoint.com\/:b:\/g\/personal\/manueljulio_aeviseunorte_pt\/EcRO1IpWjOJHvoxwW2V4PL8BefHDVqlu8MpX7MGsyEBimA?e=froVzy\" target=\"_blank\" rel=\"noopener\"><span style=\"text-decoration: underline;\">Calend\u00e1rio das Provas de Aferi\u00e7\u00e3o e Provas Finais do Ensino B\u00e1sico 2023<\/span><\/a><span style=\"text-decoration: underline;\">;<\/span><\/strong><\/span><\/li>\n<li><span style=\"text-decoration: underline;\"><a href=\"https:\/\/aeviseunorte-my.sharepoint.com\/:b:\/g\/personal\/manueljulio_aeviseunorte_pt\/EUYOCL1QhsJIrC9z6nKkYeIBkiXjqd5uG5dDz-MAxbYIuQ?e=yYvjOv\" target=\"_blank\" rel=\"noopener\"><strong>Guia para a realiza\u00e7\u00e3o das Provas de Aferi\u00e7\u00e3o 2023;<\/strong><\/a><\/span><\/li>\n<li><span style=\"text-decoration: underline;\"><a href=\"https:\/\/aeviseunorte-my.sharepoint.com\/:b:\/g\/personal\/manueljulio_aeviseunorte_pt\/Ea34bxZyPOZPv5rs0Mdnl9oBiXAJd3Q5BEfiqBRRaxKYQw?e=mkTvHU\" target=\"_blank\" rel=\"noopener\"><strong>Powerpoint &#8220;Provas de Aferi\u00e7\u00e3o eletr\u00f3nicas 2023&#8221;;<\/strong><\/a><\/span><\/li>\n<li><span style=\"text-decoration: underline;\"><strong><span lang=\"PT-PT\"><a href=\"https:\/\/aeviseunorte-my.sharepoint.com\/:b:\/g\/personal\/manueljulio_aeviseunorte_pt\/ERy8f2go4JNDhdnd8qLvnnsBAPKE4Hm-HOsN3KNyQ0I_5A?e=aga9ym\" target=\"_blank\" rel=\"noopener\">Despacho Normativo n.\u00ba 4-B\/2023 &#8211; Regulamento das Provas<\/a>;<\/span><\/strong><\/span><\/li>\n<li><span style=\"text-decoration: underline;\"><a href=\"https:\/\/aeviseunorte-my.sharepoint.com\/:b:\/g\/personal\/manueljulio_aeviseunorte_pt\/EbHshh49uUBApp5jUuGBPpoByMKNU6gWCYFC3N0MRs4QaQ?e=MoOh94\" target=\"_blank\" rel=\"noopener\"><strong><span lang=\"PT-PT\">Norma 01\/JNE\/2023 &#8211; Instru\u00e7\u00f5es para a realiza\u00e7\u00e3o de provas e exames do ensino b\u00e1sico e do ensino secund\u00e1rio<\/span><\/strong><\/a><strong><span lang=\"PT-PT\">;<\/span><\/strong><\/span><\/li>\n<li><span style=\"text-decoration: underline;\"><strong><a href=\"https:\/\/aeviseunorte-my.sharepoint.com\/:b:\/g\/personal\/manueljulio_aeviseunorte_pt\/EZihfgqSANpDlNvfj2I04GsByCFUj32BRgOjk7IBW2UFbg?e=IBu7OA\" target=\"_blank\" rel=\"noopener\">Guia para Aplica\u00e7\u00e3o de Adapta\u00e7\u00f5es na realiza\u00e7\u00e3o de Provas e Exames<\/a>;<\/strong><\/span><\/li>\n<li><span style=\"text-decoration: underline;\"><strong><span lang=\"PT-PT\"><a href=\"https:\/\/aeviseunorte-my.sharepoint.com\/:b:\/g\/personal\/manueljulio_aeviseunorte_pt\/EeKZKH8DHz9MrossqV2ZsTEBY2kwkgRgvdlncQeVphBmyQ?e=380Cav\" target=\"_blank\" rel=\"noopener\">Manual PIEPE (Plataforma de Inscri\u00e7\u00e3o Eletr\u00f3nica em Provas e Exames)<\/a><\/span><\/strong><strong>.<\/strong><\/span><\/li>\n<\/ul>\n<p><span style=\"text-decoration: underline;\"><strong>&#8211; <\/strong><a href=\"https:\/\/aeviseunorte-my.sharepoint.com\/:f:\/g\/personal\/manueljulio_aeviseunorte_pt\/Ejv3Zbk3FtJAoZipKvX1TvoBSOOCqcPAKxj8rYyJ_exOjg?e=INDiRq\" target=\"_blank\" rel=\"noopener\"><strong>Informa\u00e7\u00f5es importantes sobre os Exames e Provas de Aferi\u00e7\u00e3o.<\/strong><\/a><\/span><\/td>\n<\/tr>\n<\/tbody>\n<\/table>\n<\/div>\n<\/div>\n<\/div>\n<\/div>\n<\/div>\n<div id=\":pi\" class=\"ii gt\">\n<div id=\":ph\" class=\"a3s aiL msg-3333385354477226924\">\n<div dir=\"ltr\">\n<div>\n<div>\n<p>&nbsp;<\/p>\n<\/div>\n<\/div>\n<\/div>\n<\/div>\n<\/div>\n","protected":false},"excerpt":{"rendered":"<p>Informa\u00e7\u00e3o-Prova de Equival\u00eancia \u00e0 Frequ\u00eancia 2023 Norma 2-2023; Instru\u00e7\u00f5es de Realiza\u00e7\u00e3o, cota\u00e7\u00e3o e Crit\u00e9rios Gerais de classifica\u00e7\u00e3o; Manual de Aplica\u00e7\u00e3o da Realiza\u00e7\u00e3o de Provas e Produ\u00e7\u00e3o de Credenciais 2022-23; Informa\u00e7\u00e3o-Prova&#8230; <\/p>\n","protected":false},"author":2,"featured_media":0,"parent":0,"menu_order":0,"comment_status":"closed","ping_status":"closed","template":"","meta":{"footnotes":""},"_links":{"self":[{"href":"https:\/\/aeviseunorte.pt\/ini\/wp-json\/wp\/v2\/pages\/854"}],"collection":[{"href":"https:\/\/aeviseunorte.pt\/ini\/wp-json\/wp\/v2\/pages"}],"about":[{"href":"https:\/\/aeviseunorte.pt\/ini\/wp-json\/wp\/v2\/types\/page"}],"author":[{"embeddable":true,"href":"https:\/\/aeviseunorte.pt\/ini\/wp-json\/wp\/v2\/users\/2"}],"replies":[{"embeddable":true,"href":"https:\/\/aeviseunorte.pt\/ini\/wp-json\/wp\/v2\/comments?post=854"}],"version-history":[{"count":125,"href":"https:\/\/aeviseunorte.pt\/ini\/wp-json\/wp\/v2\/pages\/854\/revisions"}],"predecessor-version":[{"id":5472,"href":"https:\/\/aeviseunorte.pt\/ini\/wp-json\/wp\/v2\/pages\/854\/revisions\/5472"}],"wp:attachment":[{"href":"https:\/\/aeviseunorte.pt\/ini\/wp-json\/wp\/v2\/media?parent=854"}],"curies":[{"name":"wp","href":"https:\/\/api.w.org\/{rel}","templated":true}]}}