{"id":5464,"date":"2023-05-27T01:39:47","date_gmt":"2023-05-27T00:39:47","guid":{"rendered":"https:\/\/aeviseunorte.pt\/ini\/?page_id=5464"},"modified":"2023-05-27T01:51:14","modified_gmt":"2023-05-27T00:51:14","slug":"informacao-prova-de-equivalencia-a-frequencia-2023","status":"publish","type":"page","link":"https:\/\/aeviseunorte.pt\/ini\/informacao-prova-de-equivalencia-a-frequencia-2023\/","title":{"rendered":"Informa\u00e7\u00e3o-Prova de Equival\u00eancia \u00e0 Frequ\u00eancia 2023"},"content":{"rendered":"<ul>\n<li><a href=\"https:\/\/aeviseunorte-my.sharepoint.com\/:f:\/g\/personal\/manueljulio_aeviseunorte_pt\/EnQWgI81ZHhHtvhLI8GmBMsBw26Zp-27byHeR1Zvyami-g?e=fOMxzr\" target=\"_blank\" rel=\"noopener\"><strong><span style=\"text-decoration: underline;\">3.\u00ba Ciclo<\/span><\/strong><\/a><\/li>\n<\/ul>\n","protected":false},"excerpt":{"rendered":"<p>3.\u00ba Ciclo<\/p>\n","protected":false},"author":3,"featured_media":0,"parent":0,"menu_order":0,"comment_status":"closed","ping_status":"closed","template":"","meta":{"footnotes":""},"_links":{"self":[{"href":"https:\/\/aeviseunorte.pt\/ini\/wp-json\/wp\/v2\/pages\/5464"}],"collection":[{"href":"https:\/\/aeviseunorte.pt\/ini\/wp-json\/wp\/v2\/pages"}],"about":[{"href":"https:\/\/aeviseunorte.pt\/ini\/wp-json\/wp\/v2\/types\/page"}],"author":[{"embeddable":true,"href":"https:\/\/aeviseunorte.pt\/ini\/wp-json\/wp\/v2\/users\/3"}],"replies":[{"embeddable":true,"href":"https:\/\/aeviseunorte.pt\/ini\/wp-json\/wp\/v2\/comments?post=5464"}],"version-history":[{"count":2,"href":"https:\/\/aeviseunorte.pt\/ini\/wp-json\/wp\/v2\/pages\/5464\/revisions"}],"predecessor-version":[{"id":5473,"href":"https:\/\/aeviseunorte.pt\/ini\/wp-json\/wp\/v2\/pages\/5464\/revisions\/5473"}],"wp:attachment":[{"href":"https:\/\/aeviseunorte.pt\/ini\/wp-json\/wp\/v2\/media?parent=5464"}],"curies":[{"name":"wp","href":"https:\/\/api.w.org\/{rel}","templated":true}]}}