{"id":54,"date":"2016-02-11T23:52:19","date_gmt":"2016-02-11T23:52:19","guid":{"rendered":"http:\/\/aeviseunorte.pt\/ini\/?page_id=54"},"modified":"2021-09-03T00:04:54","modified_gmt":"2021-09-02T23:04:54","slug":"conselho-administrativo","status":"publish","type":"page","link":"https:\/\/aeviseunorte.pt\/ini\/conselho-administrativo\/","title":{"rendered":"Conselho Administrativo"},"content":{"rendered":"<p><strong>Presidente<\/strong>: Marco Andr\u00e9 Gon\u00e7alves Rodrigues<\/p>\n<p><strong>Vice-presidente<\/strong>: Maria Celeste Correia Alves<\/p>\n<p><strong>Coordenador T\u00e9cnico<\/strong>: Augusto Miguel Rodrigues Cardoso<\/p>\n","protected":false},"excerpt":{"rendered":"<p>Presidente: Marco Andr\u00e9 Gon\u00e7alves Rodrigues Vice-presidente: Maria Celeste Correia Alves Coordenador T\u00e9cnico: Augusto Miguel Rodrigues Cardoso<\/p>\n","protected":false},"author":1,"featured_media":0,"parent":0,"menu_order":0,"comment_status":"closed","ping_status":"closed","template":"","meta":{"footnotes":""},"_links":{"self":[{"href":"https:\/\/aeviseunorte.pt\/ini\/wp-json\/wp\/v2\/pages\/54"}],"collection":[{"href":"https:\/\/aeviseunorte.pt\/ini\/wp-json\/wp\/v2\/pages"}],"about":[{"href":"https:\/\/aeviseunorte.pt\/ini\/wp-json\/wp\/v2\/types\/page"}],"author":[{"embeddable":true,"href":"https:\/\/aeviseunorte.pt\/ini\/wp-json\/wp\/v2\/users\/1"}],"replies":[{"embeddable":true,"href":"https:\/\/aeviseunorte.pt\/ini\/wp-json\/wp\/v2\/comments?post=54"}],"version-history":[{"count":4,"href":"https:\/\/aeviseunorte.pt\/ini\/wp-json\/wp\/v2\/pages\/54\/revisions"}],"predecessor-version":[{"id":4218,"href":"https:\/\/aeviseunorte.pt\/ini\/wp-json\/wp\/v2\/pages\/54\/revisions\/4218"}],"wp:attachment":[{"href":"https:\/\/aeviseunorte.pt\/ini\/wp-json\/wp\/v2\/media?parent=54"}],"curies":[{"name":"wp","href":"https:\/\/api.w.org\/{rel}","templated":true}]}}