{"id":414,"date":"2016-04-15T23:52:36","date_gmt":"2016-04-15T22:52:36","guid":{"rendered":"http:\/\/aeviseunorte.pt\/ini\/?page_id=414"},"modified":"2020-09-16T19:52:02","modified_gmt":"2020-09-16T18:52:02","slug":"escola-basica-dr-azeredo-perdigao","status":"publish","type":"page","link":"https:\/\/aeviseunorte.pt\/ini\/escola-basica-dr-azeredo-perdigao\/","title":{"rendered":"E.B. Dr. Azeredo Perdig\u00e3o"},"content":{"rendered":"<table>\n<tbody>\n<tr>\n<td style=\"text-align: center;\"><strong>Servi\u00e7os administrativos<\/strong><\/td>\n<\/tr>\n<tr>\n<td style=\"text-align: center;\"><span style=\"text-decoration: underline;\">Hor\u00e1rio de atendimento ao p\u00fablico<\/span><\/td>\n<\/tr>\n<tr>\n<td style=\"text-align: center;\">Das 9 horas \u00e0s 12 horas e das 14 horas \u00e0s 16 horas e 30 minutos<\/td>\n<\/tr>\n<\/tbody>\n<\/table>\n<p>&nbsp;<\/p>\n","protected":false},"excerpt":{"rendered":"<p>Servi\u00e7os administrativos Hor\u00e1rio de atendimento ao p\u00fablico Das 9 horas \u00e0s 12 horas e das 14 horas \u00e0s 16 horas e 30 minutos &nbsp;<\/p>\n","protected":false},"author":2,"featured_media":0,"parent":0,"menu_order":0,"comment_status":"closed","ping_status":"closed","template":"","meta":{"footnotes":""},"_links":{"self":[{"href":"https:\/\/aeviseunorte.pt\/ini\/wp-json\/wp\/v2\/pages\/414"}],"collection":[{"href":"https:\/\/aeviseunorte.pt\/ini\/wp-json\/wp\/v2\/pages"}],"about":[{"href":"https:\/\/aeviseunorte.pt\/ini\/wp-json\/wp\/v2\/types\/page"}],"author":[{"embeddable":true,"href":"https:\/\/aeviseunorte.pt\/ini\/wp-json\/wp\/v2\/users\/2"}],"replies":[{"embeddable":true,"href":"https:\/\/aeviseunorte.pt\/ini\/wp-json\/wp\/v2\/comments?post=414"}],"version-history":[{"count":9,"href":"https:\/\/aeviseunorte.pt\/ini\/wp-json\/wp\/v2\/pages\/414\/revisions"}],"predecessor-version":[{"id":3604,"href":"https:\/\/aeviseunorte.pt\/ini\/wp-json\/wp\/v2\/pages\/414\/revisions\/3604"}],"wp:attachment":[{"href":"https:\/\/aeviseunorte.pt\/ini\/wp-json\/wp\/v2\/media?parent=414"}],"curies":[{"name":"wp","href":"https:\/\/api.w.org\/{rel}","templated":true}]}}