{"id":3625,"date":"2020-09-25T00:27:31","date_gmt":"2020-09-24T23:27:31","guid":{"rendered":"http:\/\/aeviseunorte.pt\/ini\/?page_id=3625"},"modified":"2021-09-23T21:31:17","modified_gmt":"2021-09-23T20:31:17","slug":"estrategia-de-educacao-para-a-cidadania-do-aevn","status":"publish","type":"page","link":"https:\/\/aeviseunorte.pt\/ini\/estrategia-de-educacao-para-a-cidadania-do-aevn\/","title":{"rendered":"Estrat\u00e9gia de Educa\u00e7\u00e3o para a Cidadania do AEVN"},"content":{"rendered":"<ul>\n<li><a href=\"https:\/\/aeviseunorte.pt\/ini\/wp-content\/uploads\/2021\/09\/2021-22_Estrategia_CD_-AEVN.pdf\" target=\"_blank\" rel=\"noopener\"><span style=\"text-decoration: underline;\"><strong>Estrat\u00e9gia de Educa\u00e7\u00e3o para a Cidadania do AEVN<\/strong><\/span><\/a><\/li>\n<\/ul>\n","protected":false},"excerpt":{"rendered":"<p>Estrat\u00e9gia de Educa\u00e7\u00e3o para a Cidadania do AEVN<\/p>\n","protected":false},"author":3,"featured_media":0,"parent":0,"menu_order":0,"comment_status":"closed","ping_status":"closed","template":"","meta":{"footnotes":""},"_links":{"self":[{"href":"https:\/\/aeviseunorte.pt\/ini\/wp-json\/wp\/v2\/pages\/3625"}],"collection":[{"href":"https:\/\/aeviseunorte.pt\/ini\/wp-json\/wp\/v2\/pages"}],"about":[{"href":"https:\/\/aeviseunorte.pt\/ini\/wp-json\/wp\/v2\/types\/page"}],"author":[{"embeddable":true,"href":"https:\/\/aeviseunorte.pt\/ini\/wp-json\/wp\/v2\/users\/3"}],"replies":[{"embeddable":true,"href":"https:\/\/aeviseunorte.pt\/ini\/wp-json\/wp\/v2\/comments?post=3625"}],"version-history":[{"count":3,"href":"https:\/\/aeviseunorte.pt\/ini\/wp-json\/wp\/v2\/pages\/3625\/revisions"}],"predecessor-version":[{"id":4335,"href":"https:\/\/aeviseunorte.pt\/ini\/wp-json\/wp\/v2\/pages\/3625\/revisions\/4335"}],"wp:attachment":[{"href":"https:\/\/aeviseunorte.pt\/ini\/wp-json\/wp\/v2\/media?parent=3625"}],"curies":[{"name":"wp","href":"https:\/\/api.w.org\/{rel}","templated":true}]}}