{"id":30,"date":"2016-02-11T22:41:05","date_gmt":"2016-02-11T22:41:05","guid":{"rendered":"http:\/\/aeviseunorte.pt\/ini\/?page_id=30"},"modified":"2021-09-01T19:33:11","modified_gmt":"2021-09-01T18:33:11","slug":"servicos","status":"publish","type":"page","link":"https:\/\/aeviseunorte.pt\/ini\/servicos\/","title":{"rendered":"Hor\u00e1rios dos Servi\u00e7os"},"content":{"rendered":"<table>\n<tbody>\n<tr>\n<td style=\"text-align: center;\"><strong>Servi\u00e7os administrativos<\/strong><\/td>\n<\/tr>\n<tr>\n<td style=\"text-align: center;\">Hor\u00e1rio de atendimento ao p\u00fablico<\/td>\n<\/tr>\n<tr>\n<td style=\"text-align: center;\">Das 9 horas \u00e0s 12 horas e das 14 horas \u00e0s 16 horas e 30 minutos<\/td>\n<\/tr>\n<\/tbody>\n<\/table>\n<p>&nbsp;<\/p>\n","protected":false},"excerpt":{"rendered":"<p>Servi\u00e7os administrativos Hor\u00e1rio de atendimento ao p\u00fablico Das 9 horas \u00e0s 12 horas e das 14 horas \u00e0s 16 horas e 30 minutos &nbsp;<\/p>\n","protected":false},"author":1,"featured_media":0,"parent":0,"menu_order":0,"comment_status":"closed","ping_status":"closed","template":"","meta":{"footnotes":""},"_links":{"self":[{"href":"https:\/\/aeviseunorte.pt\/ini\/wp-json\/wp\/v2\/pages\/30"}],"collection":[{"href":"https:\/\/aeviseunorte.pt\/ini\/wp-json\/wp\/v2\/pages"}],"about":[{"href":"https:\/\/aeviseunorte.pt\/ini\/wp-json\/wp\/v2\/types\/page"}],"author":[{"embeddable":true,"href":"https:\/\/aeviseunorte.pt\/ini\/wp-json\/wp\/v2\/users\/1"}],"replies":[{"embeddable":true,"href":"https:\/\/aeviseunorte.pt\/ini\/wp-json\/wp\/v2\/comments?post=30"}],"version-history":[{"count":7,"href":"https:\/\/aeviseunorte.pt\/ini\/wp-json\/wp\/v2\/pages\/30\/revisions"}],"predecessor-version":[{"id":4208,"href":"https:\/\/aeviseunorte.pt\/ini\/wp-json\/wp\/v2\/pages\/30\/revisions\/4208"}],"wp:attachment":[{"href":"https:\/\/aeviseunorte.pt\/ini\/wp-json\/wp\/v2\/media?parent=30"}],"curies":[{"name":"wp","href":"https:\/\/api.w.org\/{rel}","templated":true}]}}