{"id":2844,"date":"2019-05-05T01:08:37","date_gmt":"2019-05-05T00:08:37","guid":{"rendered":"http:\/\/aeviseunorte.pt\/ini\/?page_id=2844"},"modified":"2020-07-29T23:45:39","modified_gmt":"2020-07-29T22:45:39","slug":"medidas-de-auto-protecao","status":"publish","type":"page","link":"https:\/\/aeviseunorte.pt\/ini\/medidas-de-auto-protecao\/","title":{"rendered":"Medidas de Autoprote\u00e7\u00e3o"},"content":{"rendered":"<ul>\n<li><a href=\"https:\/\/aeviseunorte.pt\/ini\/wp-content\/uploads\/2019\/04\/2014_EB-Dr.-Azeredo-Perdig\u00e3o_Medidas-Autoprote\u00e7\u00e3o.pdf\" target=\"_blank\" rel=\"noopener noreferrer\"><strong>Medidas de Autoprote\u00e7\u00e3o<\/strong><\/a><\/li>\n<\/ul>\n","protected":false},"excerpt":{"rendered":"<p>Medidas de Autoprote\u00e7\u00e3o<\/p>\n","protected":false},"author":3,"featured_media":0,"parent":0,"menu_order":0,"comment_status":"closed","ping_status":"closed","template":"","meta":{"footnotes":""},"_links":{"self":[{"href":"https:\/\/aeviseunorte.pt\/ini\/wp-json\/wp\/v2\/pages\/2844"}],"collection":[{"href":"https:\/\/aeviseunorte.pt\/ini\/wp-json\/wp\/v2\/pages"}],"about":[{"href":"https:\/\/aeviseunorte.pt\/ini\/wp-json\/wp\/v2\/types\/page"}],"author":[{"embeddable":true,"href":"https:\/\/aeviseunorte.pt\/ini\/wp-json\/wp\/v2\/users\/3"}],"replies":[{"embeddable":true,"href":"https:\/\/aeviseunorte.pt\/ini\/wp-json\/wp\/v2\/comments?post=2844"}],"version-history":[{"count":4,"href":"https:\/\/aeviseunorte.pt\/ini\/wp-json\/wp\/v2\/pages\/2844\/revisions"}],"predecessor-version":[{"id":3499,"href":"https:\/\/aeviseunorte.pt\/ini\/wp-json\/wp\/v2\/pages\/2844\/revisions\/3499"}],"wp:attachment":[{"href":"https:\/\/aeviseunorte.pt\/ini\/wp-json\/wp\/v2\/media?parent=2844"}],"curies":[{"name":"wp","href":"https:\/\/api.w.org\/{rel}","templated":true}]}}