{"id":2136,"date":"2018-02-18T01:26:00","date_gmt":"2018-02-18T01:26:00","guid":{"rendered":"http:\/\/aeviseunorte.pt\/ini\/?page_id=2136"},"modified":"2022-10-24T22:05:25","modified_gmt":"2022-10-24T21:05:25","slug":"projetos-erasmus","status":"publish","type":"page","link":"https:\/\/aeviseunorte.pt\/ini\/projetos-erasmus\/","title":{"rendered":"Projeto Erasmus+"},"content":{"rendered":"<table style=\"border-collapse: collapse; width: 99.3434%; height: 939px;\">\n<tbody>\n<tr>\n<td style=\"width: 100%; text-align: left;\"><span style=\"text-decoration: underline;\"><a title=\"Let's be Eco-sustainAble, towards 2030&quot;, KA229 2019-1-IT02-KA229-062748\" href=\"http:\/\/www.romeroesteo.com\/index\/\" rel=\"home\"><strong>Let&#8217;s be Eco-sustainAble, towards 2030&#8243;, KA229<\/strong><\/a><\/span><\/p>\n<p><a href=\"http:\/\/www.romeroesteo.com\/index\/\" target=\"_blank\" rel=\"noopener\"><span style=\"text-decoration: underline;\"><strong>Ano letivo 2019\/2022<\/strong><\/span><\/a><\/p>\n<p><a href=\"http:\/\/www.romeroesteo.com\/index\/?page_id=59\" target=\"_blank\" rel=\"noopener\"><img decoding=\"async\" loading=\"lazy\" class=\"size-medium wp-image-5142 alignnone\" src=\"https:\/\/aeviseunorte.pt\/ini\/wp-content\/uploads\/2022\/10\/Erasmus3-300x240.png\" alt=\"\" width=\"300\" height=\"240\" srcset=\"https:\/\/aeviseunorte.pt\/ini\/wp-content\/uploads\/2022\/10\/Erasmus3-300x240.png 300w, https:\/\/aeviseunorte.pt\/ini\/wp-content\/uploads\/2022\/10\/Erasmus3-768x616.png 768w, https:\/\/aeviseunorte.pt\/ini\/wp-content\/uploads\/2022\/10\/Erasmus3.png 781w\" sizes=\"(max-width: 300px) 100vw, 300px\" \/><\/a><\/p>\n<ul>\n<li><strong><a href=\"http:\/\/www.romeroesteo.com\/index\/?page_id=59\" target=\"_blank\" rel=\"noopener\"><span style=\"text-decoration: underline;\">Mais informa\u00e7\u00f5es<\/span><\/a><\/strong><\/li>\n<\/ul>\n<\/td>\n<\/tr>\n<tr>\n<td style=\"width: 100%; text-align: left;\"><a href=\"http:\/\/www.romeroesteo.com\/index\/?page_id=59\" target=\"_blank\" rel=\"noopener\"><img decoding=\"async\" loading=\"lazy\" class=\"size-medium wp-image-5140 alignnone\" src=\"https:\/\/aeviseunorte.pt\/ini\/wp-content\/uploads\/2022\/10\/Erasmus1-300x195.png\" alt=\"\" width=\"300\" height=\"195\" srcset=\"https:\/\/aeviseunorte.pt\/ini\/wp-content\/uploads\/2022\/10\/Erasmus1-300x195.png 300w, https:\/\/aeviseunorte.pt\/ini\/wp-content\/uploads\/2022\/10\/Erasmus1-768x498.png 768w, https:\/\/aeviseunorte.pt\/ini\/wp-content\/uploads\/2022\/10\/Erasmus1.png 977w\" sizes=\"(max-width: 300px) 100vw, 300px\" \/><\/a><\/p>\n<ul>\n<li><a title=\"Erasmus - Let's enjoy our heritage\" href=\"http:\/\/www.romeroesteo.com\/index\/?page_id=59\" target=\"_blank\" rel=\"nofollow noopener noreferrer\"><span style=\"text-decoration: underline;\"><strong>Mais informa\u00e7\u00f5es<\/strong><\/span><\/a><\/li>\n<\/ul>\n<\/td>\n<\/tr>\n<tr>\n<td style=\"width: 100%;\"><a href=\"https:\/\/withinnetworks.wordpress.com\/\" target=\"_blank\" rel=\"noopener\"><img decoding=\"async\" loading=\"lazy\" class=\"size-medium wp-image-5141 alignnone\" src=\"https:\/\/aeviseunorte.pt\/ini\/wp-content\/uploads\/2022\/10\/Erasmus2-300x183.png\" alt=\"\" width=\"300\" height=\"183\" srcset=\"https:\/\/aeviseunorte.pt\/ini\/wp-content\/uploads\/2022\/10\/Erasmus2-300x183.png 300w, https:\/\/aeviseunorte.pt\/ini\/wp-content\/uploads\/2022\/10\/Erasmus2-768x469.png 768w, https:\/\/aeviseunorte.pt\/ini\/wp-content\/uploads\/2022\/10\/Erasmus2-240x145.png 240w, https:\/\/aeviseunorte.pt\/ini\/wp-content\/uploads\/2022\/10\/Erasmus2.png 971w\" sizes=\"(max-width: 300px) 100vw, 300px\" \/><\/a><\/p>\n<ul>\n<li style=\"text-align: left;\"><a title=\"Erasmus - WITHIN NETWORKS. THE BEST AND THE WORST OF SOCIAL NETWORKS.\" href=\"https:\/\/withinnetworks.wordpress.com\/\" target=\"_blank\" rel=\"nofollow noopener noreferrer\"><span style=\"text-decoration: underline;\"><strong>Mais informa\u00e7\u00f5es<\/strong><\/span><\/a><\/li>\n<\/ul>\n<\/td>\n<\/tr>\n<\/tbody>\n<\/table>\n","protected":false},"excerpt":{"rendered":"<p>Let&#8217;s be Eco-sustainAble, towards 2030&#8243;, KA229 Ano letivo 2019\/2022 Mais informa\u00e7\u00f5es Mais informa\u00e7\u00f5es Mais informa\u00e7\u00f5es<\/p>\n","protected":false},"author":2,"featured_media":0,"parent":0,"menu_order":0,"comment_status":"closed","ping_status":"closed","template":"","meta":{"footnotes":""},"_links":{"self":[{"href":"https:\/\/aeviseunorte.pt\/ini\/wp-json\/wp\/v2\/pages\/2136"}],"collection":[{"href":"https:\/\/aeviseunorte.pt\/ini\/wp-json\/wp\/v2\/pages"}],"about":[{"href":"https:\/\/aeviseunorte.pt\/ini\/wp-json\/wp\/v2\/types\/page"}],"author":[{"embeddable":true,"href":"https:\/\/aeviseunorte.pt\/ini\/wp-json\/wp\/v2\/users\/2"}],"replies":[{"embeddable":true,"href":"https:\/\/aeviseunorte.pt\/ini\/wp-json\/wp\/v2\/comments?post=2136"}],"version-history":[{"count":16,"href":"https:\/\/aeviseunorte.pt\/ini\/wp-json\/wp\/v2\/pages\/2136\/revisions"}],"predecessor-version":[{"id":5157,"href":"https:\/\/aeviseunorte.pt\/ini\/wp-json\/wp\/v2\/pages\/2136\/revisions\/5157"}],"wp:attachment":[{"href":"https:\/\/aeviseunorte.pt\/ini\/wp-json\/wp\/v2\/media?parent=2136"}],"curies":[{"name":"wp","href":"https:\/\/api.w.org\/{rel}","templated":true}]}}