{"id":1189,"date":"2016-08-02T23:00:34","date_gmt":"2016-08-02T22:00:34","guid":{"rendered":"http:\/\/aeviseunorte.pt\/ini\/?page_id=1189"},"modified":"2023-10-11T01:53:57","modified_gmt":"2023-10-11T00:53:57","slug":"avaliacao-interna-autoavaliacao-do-agrupamento","status":"publish","type":"page","link":"https:\/\/aeviseunorte.pt\/ini\/avaliacao-interna-autoavaliacao-do-agrupamento\/","title":{"rendered":"Avalia\u00e7\u00e3o Interna \/ Autoavalia\u00e7\u00e3o do Agrupamento"},"content":{"rendered":"<ul>\n<li><a href=\"https:\/\/aeviseunorte.pt\/ini\/wp-content\/uploads\/2023\/10\/2022-23-Relatorio-AUTOAVALIACAO.pdf\" target=\"_blank\" rel=\"noopener\"><span style=\"text-decoration: underline;\"><strong>Relat\u00f3rio de Autoavalia\u00e7\u00e3o<\/strong><\/span><\/a><\/li>\n<\/ul>\n<p><span style=\"text-decoration: underline;\"><strong>Consultar dados estat\u00edsticos das respostas aos question\u00e1rios:<\/strong><\/span><\/p>\n<ul>\n<li><a href=\"https:\/\/forms.office.com\/Pages\/AnalysisPage.aspx?AnalyzerToken=LbVi5iq5m9Ymqg355h766X8bjPC8Q3tA&amp;id=XcrR6Xmb-0WhhGRmwmaRgklHf3-g0U5MtG1IUBS5BXJURU4wUkgwTU9USkdCWTE5MUFDWjZNV0ZJMi4u\" target=\"_blank\" rel=\"noopener\"><span style=\"text-decoration: underline;\">2023 &#8211; Question\u00e1rio a alunos do 2.\u00ba e do 3.\u00ba Ciclo<\/span><\/a><\/li>\n<li><a href=\"https:\/\/forms.office.com\/Pages\/AnalysisPage.aspx?AnalyzerToken=Nl65OHPOy1QKBE4W1a4PqJN0QgG3KQqz&amp;id=XcrR6Xmb-0WhhGRmwmaRgklHf3-g0U5MtG1IUBS5BXJUOEo1TjE1TlYxMzJIQVgxWUNYVVZIN1FHVi4u\" target=\"_blank\" rel=\"noopener\"><span style=\"text-decoration: underline;\">2023 &#8211; Question\u00e1rio a alunos do 4.\u00ba ano<\/span><\/a><\/li>\n<li><a href=\"https:\/\/forms.office.com\/Pages\/AnalysisPage.aspx?AnalyzerToken=YH3EYKYUGlyDVWUTdCSNi7EX3xG3HGEw&amp;id=XcrR6Xmb-0WhhGRmwmaRgklHf3-g0U5MtG1IUBS5BXJUNDJCUVBYV1FRSE9UQURSSEJUWVpTRFBUSi4u\" target=\"_blank\" rel=\"noopener\"><span style=\"text-decoration: underline;\">2023 &#8211; Question\u00e1rio a Docentes<\/span><\/a><\/li>\n<li><a href=\"https:\/\/forms.office.com\/Pages\/AnalysisPage.aspx?AnalyzerToken=3SfQIPYwXkitVkTIBjxTiORzDTJBya4f&amp;id=XcrR6Xmb-0WhhGRmwmaRgklHf3-g0U5MtG1IUBS5BXJUNktDVDJQSDU2NkVZRzVBUFcxQlZRVUpLSS4u\" target=\"_blank\" rel=\"noopener\"><span style=\"text-decoration: underline;\">2023 &#8211; Question\u00e1rio a Pais e Encarregados de Educa\u00e7\u00e3o dos alunos do 2.\u00ba e do 3.\u00ba Ciclo<\/span><\/a><\/li>\n<li><a href=\"https:\/\/forms.office.com\/Pages\/AnalysisPage.aspx?AnalyzerToken=rvXzKsiqgghhTbODJE1hYJuBuzy5tLe0&amp;id=XcrR6Xmb-0WhhGRmwmaRgklHf3-g0U5MtG1IUBS5BXJUOEFWR1EzRzA1OFVGVUQzSzRZM09HQkIyOC4u\" target=\"_blank\" rel=\"noopener\"><span style=\"text-decoration: underline;\">2023 &#8211; Question\u00e1rio a Pais e Encarregados de Educa\u00e7\u00e3o dos alunos do EPE e 1.\u00ba Ciclo<\/span><\/a><\/li>\n<li><a href=\"https:\/\/forms.office.com\/Pages\/AnalysisPage.aspx?AnalyzerToken=xCyzVR5YxLBpCcp933pVrbwHekg4jJjd&amp;id=XcrR6Xmb-0WhhGRmwmaRgklHf3-g0U5MtG1IUBS5BXJUQVRWSVlSNURUTkdGSjhRSTVHMUlEMDA4Ni4u\" target=\"_blank\" rel=\"noopener\"><span style=\"text-decoration: underline;\">2023 &#8211; Question\u00e1rio a Pessoal n\u00e3o Docente<\/span><\/a><\/li>\n<\/ul>\n<p>&nbsp;<\/p>\n","protected":false},"excerpt":{"rendered":"<p>Relat\u00f3rio de Autoavalia\u00e7\u00e3o Consultar dados estat\u00edsticos das respostas aos question\u00e1rios: 2023 &#8211; Question\u00e1rio a alunos do 2.\u00ba e do 3.\u00ba Ciclo 2023 &#8211; Question\u00e1rio a alunos do 4.\u00ba ano 2023&#8230; <\/p>\n","protected":false},"author":2,"featured_media":0,"parent":0,"menu_order":0,"comment_status":"closed","ping_status":"closed","template":"","meta":{"footnotes":""},"_links":{"self":[{"href":"https:\/\/aeviseunorte.pt\/ini\/wp-json\/wp\/v2\/pages\/1189"}],"collection":[{"href":"https:\/\/aeviseunorte.pt\/ini\/wp-json\/wp\/v2\/pages"}],"about":[{"href":"https:\/\/aeviseunorte.pt\/ini\/wp-json\/wp\/v2\/types\/page"}],"author":[{"embeddable":true,"href":"https:\/\/aeviseunorte.pt\/ini\/wp-json\/wp\/v2\/users\/2"}],"replies":[{"embeddable":true,"href":"https:\/\/aeviseunorte.pt\/ini\/wp-json\/wp\/v2\/comments?post=1189"}],"version-history":[{"count":11,"href":"https:\/\/aeviseunorte.pt\/ini\/wp-json\/wp\/v2\/pages\/1189\/revisions"}],"predecessor-version":[{"id":5797,"href":"https:\/\/aeviseunorte.pt\/ini\/wp-json\/wp\/v2\/pages\/1189\/revisions\/5797"}],"wp:attachment":[{"href":"https:\/\/aeviseunorte.pt\/ini\/wp-json\/wp\/v2\/media?parent=1189"}],"curies":[{"name":"wp","href":"https:\/\/api.w.org\/{rel}","templated":true}]}}