{"id":110,"date":"2016-02-14T00:39:04","date_gmt":"2016-02-14T00:39:04","guid":{"rendered":"http:\/\/aeviseunorte.pt\/ini\/?page_id=110"},"modified":"2021-09-03T00:11:03","modified_gmt":"2021-09-02T23:11:03","slug":"conselho-pedagogico","status":"publish","type":"page","link":"https:\/\/aeviseunorte.pt\/ini\/conselho-pedagogico\/","title":{"rendered":"Conselho Pedag\u00f3gico"},"content":{"rendered":"<table style=\"height: 339px; width: 707px; border-color: #ffffff;\">\n<tbody>\n<tr style=\"border-color: #000000;\">\n<td style=\"width: 455.483px;\">Presidente<\/td>\n<td style=\"width: 219.517px;\">Marco Rodrigues<\/td>\n<\/tr>\n<tr style=\"border-color: #000000;\">\n<td style=\"width: 455.483px;\">Coordenador do Departamento de Educa\u00e7\u00e3o Pr\u00e9 Escolar<\/td>\n<td style=\"width: 219.517px;\">Florbela Soutinho<\/td>\n<\/tr>\n<tr style=\"border-color: #000000;\">\n<td style=\"width: 455.483px;\">Coordenador do Departamento do 1.\u00ba Ciclo<\/td>\n<td style=\"width: 219.517px;\">Cristina Oliveira<\/td>\n<\/tr>\n<tr style=\"border-color: #000000;\">\n<td style=\"width: 455.483px;\">Coordenador do Departamento de L\u00ednguas<\/td>\n<td style=\"width: 219.517px;\">Paula Garcia<\/td>\n<\/tr>\n<tr style=\"border-color: #000000;\">\n<td style=\"width: 455.483px;\">Coordenador do Departamento de Matem\u00e1tica e C. Experimentais<\/td>\n<td style=\"width: 219.517px;\">Rui Almeida<\/td>\n<\/tr>\n<tr style=\"border-color: #000000;\">\n<td style=\"width: 455.483px;\">Coordenador do Departamento de Ci\u00eancias Sociais e Humanas<\/td>\n<td style=\"width: 219.517px;\">Jos\u00e9 Costa<\/td>\n<\/tr>\n<tr style=\"border-color: #000000;\">\n<td style=\"width: 455.483px;\">Coordenador do Departamento de Express\u00f5es<\/td>\n<td style=\"width: 219.517px;\">Jo\u00e3o Almeida<\/td>\n<\/tr>\n<tr style=\"border-color: #000000;\">\n<td style=\"width: 455.483px;\">Coordenador do Departamento de Educa\u00e7\u00e3o Especial<\/td>\n<td style=\"width: 219.517px;\">Maria Alice Ribeiro<\/td>\n<\/tr>\n<tr style=\"border-color: #000000;\">\n<td style=\"width: 455.483px;\">Coordenador dos Diretores de Turma do 2.\u00ba Ciclo<\/td>\n<td style=\"width: 219.517px;\">Maria Celeste Cardoso<\/td>\n<\/tr>\n<tr style=\"border-color: #000000;\">\n<td style=\"width: 455.483px;\">Coordenador dos Diretores de Turma do 3.\u00ba Ciclo<\/td>\n<td style=\"width: 219.517px;\">Carla Duarte<\/td>\n<\/tr>\n<tr style=\"border-color: #000000;\">\n<td style=\"width: 455.483px;\">Coordenador dos Servi\u00e7os de Psicologia e Orienta\u00e7\u00e3o<\/td>\n<td style=\"width: 219.517px;\">Am\u00e1lia Cussecala<\/td>\n<\/tr>\n<tr style=\"border-color: #000000;\">\n<td style=\"width: 455.483px;\">Coordenador da Biblioteca Escolar<\/td>\n<td style=\"width: 219.517px;\">Carla Sequeira<\/td>\n<\/tr>\n<tr style=\"border-color: #000000;\">\n<td style=\"width: 455.483px;\">Coordenador de Desenvolvimento de Projetos Educativos<\/td>\n<td style=\"width: 219.517px;\">Jos\u00e9 Machado<\/td>\n<\/tr>\n<tr style=\"border-color: #000000;\">\n<td style=\"width: 455.483px;\">Coordenador da Escola B\u00e1sica D. Duarte<\/td>\n<td style=\"width: 219.517px;\">Augusto Prata<\/td>\n<\/tr>\n<tr style=\"border-color: #000000;\">\n<td style=\"width: 455.483px;\">Coordenador da Escola B\u00e1sica Professor Rolando de Oliveira<\/td>\n<td style=\"width: 219.517px;\">Mar\u00edlia Lopes<\/td>\n<\/tr>\n<\/tbody>\n<\/table>\n<p>&nbsp;<\/p>\n","protected":false},"excerpt":{"rendered":"<p>Presidente Marco Rodrigues Coordenador do Departamento de Educa\u00e7\u00e3o Pr\u00e9 Escolar Florbela Soutinho Coordenador do Departamento do 1.\u00ba Ciclo Cristina Oliveira Coordenador do Departamento de L\u00ednguas Paula Garcia Coordenador do Departamento&#8230; <\/p>\n","protected":false},"author":1,"featured_media":0,"parent":0,"menu_order":0,"comment_status":"closed","ping_status":"closed","template":"","meta":{"footnotes":""},"_links":{"self":[{"href":"https:\/\/aeviseunorte.pt\/ini\/wp-json\/wp\/v2\/pages\/110"}],"collection":[{"href":"https:\/\/aeviseunorte.pt\/ini\/wp-json\/wp\/v2\/pages"}],"about":[{"href":"https:\/\/aeviseunorte.pt\/ini\/wp-json\/wp\/v2\/types\/page"}],"author":[{"embeddable":true,"href":"https:\/\/aeviseunorte.pt\/ini\/wp-json\/wp\/v2\/users\/1"}],"replies":[{"embeddable":true,"href":"https:\/\/aeviseunorte.pt\/ini\/wp-json\/wp\/v2\/comments?post=110"}],"version-history":[{"count":3,"href":"https:\/\/aeviseunorte.pt\/ini\/wp-json\/wp\/v2\/pages\/110\/revisions"}],"predecessor-version":[{"id":4219,"href":"https:\/\/aeviseunorte.pt\/ini\/wp-json\/wp\/v2\/pages\/110\/revisions\/4219"}],"wp:attachment":[{"href":"https:\/\/aeviseunorte.pt\/ini\/wp-json\/wp\/v2\/media?parent=110"}],"curies":[{"name":"wp","href":"https:\/\/api.w.org\/{rel}","templated":true}]}}